{"id":82,"date":"2018-11-28T15:06:52","date_gmt":"2018-11-28T15:06:52","guid":{"rendered":"https:\/\/demo.wpoperation.com\/opstore-pro\/fashionv2\/?post_type=product&#038;p=82"},"modified":"2025-05-12T15:49:35","modified_gmt":"2025-05-12T15:49:35","slug":"women-party-wear","status":"publish","type":"product","link":"https:\/\/biopor.pt\/?product=women-party-wear","title":{"rendered":"Detergente Lava-lou\u00e7a"},"content":{"rendered":"","protected":false},"excerpt":{"rendered":"<p>Detergente para lavar a lou\u00e7a Manual !<br \/>\nQualidade m\u00e1xima ao melhor pre\u00e7o do mercado.<\/p>\n<p>Dica Importante: Use sempre detergente de qualidade e n\u00e3o abrasivo! Detergentes fortes podem deixar res\u00edduos e arranhar as suas pe\u00e7as. Para a lavagem manual, opte por um detergente neutro para garantir a preserva\u00e7\u00e3o da sua lou\u00e7a. \u2728<\/p>\n<p>Testado e certificado, garantia de satisfa\u00e7\u00e3o, surpreenda-se.<\/p>\n","protected":false},"featured_media":274,"comment_status":"open","ping_status":"closed","template":"","meta":[],"product_cat":[28,24,17],"product_tag":[],"class_list":{"0":"post-82","1":"product","2":"type-product","3":"status-publish","4":"has-post-thumbnail","6":"product_cat-desengordurantes","7":"product_cat-detergentes","8":"product_cat-uncategorized","10":"first","11":"instock","12":"taxable","13":"shipping-taxable","14":"product-type-simple","15":"add-to-wishlist-after_add_to_cart"},"_links":{"self":[{"href":"https:\/\/biopor.pt\/index.php?rest_route=\/wp\/v2\/product\/82","targetHints":{"allow":["GET"]}}],"collection":[{"href":"https:\/\/biopor.pt\/index.php?rest_route=\/wp\/v2\/product"}],"about":[{"href":"https:\/\/biopor.pt\/index.php?rest_route=\/wp\/v2\/types\/product"}],"replies":[{"embeddable":true,"href":"https:\/\/biopor.pt\/index.php?rest_route=%2Fwp%2Fv2%2Fcomments&post=82"}],"wp:featuredmedia":[{"embeddable":true,"href":"https:\/\/biopor.pt\/index.php?rest_route=\/wp\/v2\/media\/274"}],"wp:attachment":[{"href":"https:\/\/biopor.pt\/index.php?rest_route=%2Fwp%2Fv2%2Fmedia&parent=82"}],"wp:term":[{"taxonomy":"product_cat","embeddable":true,"href":"https:\/\/biopor.pt\/index.php?rest_route=%2Fwp%2Fv2%2Fproduct_cat&post=82"},{"taxonomy":"product_tag","embeddable":true,"href":"https:\/\/biopor.pt\/index.php?rest_route=%2Fwp%2Fv2%2Fproduct_tag&post=82"}],"curies":[{"name":"wp","href":"https:\/\/api.w.org\/{rel}","templated":true}]}}